{"id":1736,"date":"2026-01-21T09:40:13","date_gmt":"2026-01-21T08:40:13","guid":{"rendered":"http:\/\/web.feuer.work\/urbaneck\/?page_id=1736"},"modified":"2026-02-04T11:00:26","modified_gmt":"2026-02-04T10:00:26","slug":"info-service","status":"publish","type":"page","link":"http:\/\/web.feuer.work\/urbaneck\/info-service\/","title":{"rendered":"Info &#038; Service"},"content":{"rendered":"<p><div class=\"fusion-bg-parallax\" data-bg-align=\"center bottom\" data-direction=\"up\" data-mute=\"false\" data-opacity=\"100\" data-velocity=\"-0.4\" data-mobile-enabled=\"false\" data-break_parents=\"0\" data-bg-image=\"http:\/\/web.feuer.work\/urbaneck\/wp-content\/uploads\/2026\/02\/urbanek-aussenansicht-praxis.webp\" data-bg-repeat=\"false\" ><\/div><div class=\"fusion-fullwidth fullwidth-box fusion-builder-row-1 fusion-flex-container has-pattern-background has-mask-background fusion-parallax-up nonhundred-percent-fullwidth non-hundred-percent-height-scrolling lazyload\" style=\"--awb-background-position:center bottom;--awb-border-sizes-top:0px;--awb-border-sizes-bottom:0px;--awb-border-sizes-left:0px;--awb-border-sizes-right:0px;--awb-border-radius-top-left:0px;--awb-border-radius-top-right:0px;--awb-border-radius-bottom-right:0px;--awb-border-radius-bottom-left:0px;--awb-padding-top:25vh;--awb-padding-right:1rem;--awb-padding-bottom:8vh;--awb-padding-left:1rem;--awb-min-height:50dvh;--awb-background-size:cover;--awb-flex-wrap:wrap;\" data-bg=\"http:\/\/web.feuer.work\/urbaneck\/wp-content\/uploads\/2026\/02\/urbanek-aussenansicht-praxis.webp\" ><div class=\"fusion-builder-row fusion-row fusion-flex-align-items-flex-start fusion-flex-content-wrap\" style=\"max-width:calc( 1440px + 0px );margin-left: calc(-0px \/ 2 );margin-right: calc(-0px \/ 2 );\"><div class=\"fusion-layout-column fusion_builder_column fusion-builder-column-0 fusion_builder_column_1_1 1_1 fusion-flex-column\" style=\"--awb-bg-blend:overlay;--awb-bg-size:cover;--awb-width-large:100%;--awb-margin-top-large:0px;--awb-spacing-right-large:0px;--awb-margin-bottom-large:30px;--awb-spacing-left-large:0px;--awb-width-medium:100%;--awb-spacing-right-medium:0px;--awb-spacing-left-medium:0px;--awb-width-small:100%;--awb-spacing-right-small:0px;--awb-spacing-left-small:0px;\"><div class=\"fusion-column-wrapper fusion-flex-justify-content-flex-start fusion-content-layout-column\"><div class=\"fusion-title title fusion-title-1 fusion-sep-none fusion-title-center fusion-title-text fusion-title-size-one noDisplay\" style=\"--awb-text-color:var(--awb-color1);--awb-margin-top:50px;--awb-margin-bottom:30px;--awb-margin-top-medium:20px;\"><h1 class=\"fusion-title-heading title-heading-center\" style=\"margin:0;text-transform:capitalize;\"><span class=\"customTextAnimation white\">Info &amp; Service<\/span><\/h1><\/div><\/div><\/div><\/div><\/div><div class=\"fusion-fullwidth fullwidth-box fusion-builder-row-2 fusion-flex-container has-pattern-background has-mask-background nonhundred-percent-fullwidth non-hundred-percent-height-scrolling\" style=\"--awb-background-position:left top;--awb-background-blend-mode:overlay;--awb-border-sizes-top:0px;--awb-border-sizes-bottom:0px;--awb-border-sizes-left:0px;--awb-border-sizes-right:0px;--awb-border-radius-top-left:0px;--awb-border-radius-top-right:0px;--awb-border-radius-bottom-right:0px;--awb-border-radius-bottom-left:0px;--awb-padding-top:10vh;--awb-padding-bottom:5vh;--awb-padding-top-small:80px;--awb-padding-bottom-small:40px;--awb-background-color:var(--awb-color2);--awb-flex-wrap:wrap;\" ><div class=\"fusion-builder-row fusion-row fusion-flex-align-items-flex-start fusion-flex-justify-content-center fusion-flex-content-wrap\" style=\"max-width:1497.6px;margin-left: calc(-4% \/ 2 );margin-right: calc(-4% \/ 2 );\"><div class=\"fusion-layout-column fusion_builder_column fusion-builder-column-1 fusion_builder_column_3_5 3_5 fusion-flex-column\" style=\"--awb-bg-blend:overlay;--awb-bg-size:cover;--awb-width-large:60%;--awb-margin-top-large:0px;--awb-spacing-right-large:3.2%;--awb-margin-bottom-large:30px;--awb-spacing-left-large:3.2%;--awb-width-medium:100%;--awb-spacing-right-medium:1.92%;--awb-spacing-left-medium:1.92%;--awb-width-small:100%;--awb-spacing-right-small:1.92%;--awb-spacing-left-small:1.92%;\"><div class=\"fusion-column-wrapper fusion-flex-justify-content-flex-start fusion-content-layout-column\"><div class=\"fusion-title title fusion-title-2 fusion-sep-none fusion-title-text fusion-title-size-one\" style=\"--awb-margin-bottom:20px;\"><h1 class=\"fusion-title-heading title-heading-left\" style=\"margin:0;text-transform:none;\"><span class=\"customTextAnimation blue\">Infos f\u00fcr \u00dcberweiser<\/span><\/h1><\/div><div class=\"fusion-text fusion-text-1\"><p>Liebe Kollegin, lieber Kollege,<br \/>\nvielen Dank f\u00fcr das Vertrauen und das Interesse, das Sie unserer Praxis entgegenbringen.<\/p>\n<p>Das Wohl unserer Patienten steht f\u00fcr mich an erster Stelle. Daher kooperieren ich gerne mit anderen Fachrichtungen. Die kieferorthop\u00e4dische Behandlung soll optimale Voraussetzungen f\u00fcr umfangreiche prothetische oder implantologische Versorgungen Ihrerseits schaffen.<\/p>\n<p>Um optimale Ergebnisse zu erzielen, ist mir der Dialog mit Ihnen sehr wichtig. Zur Abstimmung komplexer F\u00e4lle komme ich auch gerne in Ihre Praxis. Ich garantieren Ihnen eine unkomplizierte und unb\u00fcrokratische Kooperation und freue mich \u00fcber eine Zusammenarbeit,<\/p>\n<p>herzlichst,<\/p>\n<p>Ihr Dr. Christof Urbanek<\/p>\n<\/div><\/div><\/div><div class=\"fusion-layout-column fusion_builder_column fusion-builder-column-2 fusion_builder_column_2_5 2_5 fusion-flex-column\" style=\"--awb-bg-blend:overlay;--awb-bg-size:cover;--awb-width-large:40%;--awb-margin-top-large:0px;--awb-spacing-right-large:4.8%;--awb-margin-bottom-large:30px;--awb-spacing-left-large:4.8%;--awb-width-medium:100%;--awb-spacing-right-medium:1.92%;--awb-spacing-left-medium:1.92%;--awb-width-small:100%;--awb-spacing-right-small:1.92%;--awb-spacing-left-small:1.92%;\"><div class=\"fusion-column-wrapper fusion-flex-justify-content-flex-start fusion-content-layout-column\"><div class=\"fusion-image-element \" style=\"--awb-aspect-ratio:1 \/ 1;--awb-object-position:49% 33%;--awb-caption-title-font-family:var(--h2_typography-font-family);--awb-caption-title-font-weight:var(--h2_typography-font-weight);--awb-caption-title-font-style:var(--h2_typography-font-style);--awb-caption-title-size:var(--h2_typography-font-size);--awb-caption-title-transform:var(--h2_typography-text-transform);--awb-caption-title-line-height:var(--h2_typography-line-height);--awb-caption-title-letter-spacing:var(--h2_typography-letter-spacing);\"><span class=\" fusion-imageframe imageframe-none imageframe-1 hover-type-none has-aspect-ratio\" style=\"border-radius:.5rem;\"><img decoding=\"async\" width=\"1280\" height=\"1280\" alt=\"Dr. Christof Urbanek - Kieferorthop\u00e4de\" title=\"christof-urbanek-portrait-2025-bg-col2_v02\" src=\"http:\/\/web.feuer.work\/urbaneck\/wp-content\/uploads\/2026\/02\/christof-urbanek-portrait-2025-bg-col2_v02.webp\" data-orig-src=\"http:\/\/web.feuer.work\/urbaneck\/wp-content\/uploads\/2026\/02\/christof-urbanek-portrait-2025-bg-col2_v02.webp\" class=\"lazyload img-responsive wp-image-2170 img-with-aspect-ratio\" data-parent-fit=\"cover\" data-parent-container=\".fusion-image-element\" srcset=\"data:image\/svg+xml,%3Csvg%20xmlns%3D%27http%3A%2F%2Fwww.w3.org%2F2000%2Fsvg%27%20width%3D%271280%27%20height%3D%271280%27%20viewBox%3D%270%200%201280%201280%27%3E%3Crect%20width%3D%271280%27%20height%3D%271280%27%20fill-opacity%3D%220%22%2F%3E%3C%2Fsvg%3E\" data-srcset=\"http:\/\/web.feuer.work\/urbaneck\/wp-content\/uploads\/2026\/02\/christof-urbanek-portrait-2025-bg-col2_v02-200x200.webp 200w, http:\/\/web.feuer.work\/urbaneck\/wp-content\/uploads\/2026\/02\/christof-urbanek-portrait-2025-bg-col2_v02-400x400.webp 400w, http:\/\/web.feuer.work\/urbaneck\/wp-content\/uploads\/2026\/02\/christof-urbanek-portrait-2025-bg-col2_v02-600x600.webp 600w, http:\/\/web.feuer.work\/urbaneck\/wp-content\/uploads\/2026\/02\/christof-urbanek-portrait-2025-bg-col2_v02-800x800.webp 800w, http:\/\/web.feuer.work\/urbaneck\/wp-content\/uploads\/2026\/02\/christof-urbanek-portrait-2025-bg-col2_v02-1200x1200.webp 1200w, http:\/\/web.feuer.work\/urbaneck\/wp-content\/uploads\/2026\/02\/christof-urbanek-portrait-2025-bg-col2_v02.webp 1280w\" data-sizes=\"auto\" data-orig-sizes=\"(max-width: 1024px) 100vw, (max-width: 640px) 100vw, 600px\" \/><\/span><\/div><\/div><\/div><\/div><\/div><div class=\"fusion-fullwidth fullwidth-box fusion-builder-row-3 fusion-flex-container has-pattern-background has-mask-background nonhundred-percent-fullwidth non-hundred-percent-height-scrolling\" style=\"--awb-border-radius-top-left:0px;--awb-border-radius-top-right:0px;--awb-border-radius-bottom-right:0px;--awb-border-radius-bottom-left:0px;--awb-padding-top:5vh;--awb-padding-bottom:0px;--awb-background-color:var(--awb-color1);--awb-flex-wrap:wrap;\" ><div class=\"fusion-builder-row fusion-row fusion-flex-align-items-flex-start fusion-flex-content-wrap\" style=\"max-width:1497.6px;margin-left: calc(-4% \/ 2 );margin-right: calc(-4% \/ 2 );\"><div class=\"fusion-layout-column fusion_builder_column fusion-builder-column-3 fusion_builder_column_1_1 1_1 fusion-flex-column\" style=\"--awb-bg-blend:overlay;--awb-bg-size:cover;--awb-width-large:100%;--awb-margin-top-large:0px;--awb-spacing-right-large:1.92%;--awb-margin-bottom-large:1rem;--awb-spacing-left-large:1.92%;--awb-width-medium:80%;--awb-order-medium:0;--awb-spacing-right-medium:2.4%;--awb-spacing-left-medium:2.4%;--awb-width-small:100%;--awb-order-small:0;--awb-spacing-right-small:1.92%;--awb-spacing-left-small:1.92%;\" data-scroll-devices=\"small-visibility,medium-visibility,large-visibility\"><div class=\"fusion-column-wrapper fusion-column-has-shadow fusion-flex-justify-content-flex-start fusion-content-layout-column\"><div class=\"fusion-title title fusion-title-3 fusion-sep-none fusion-title-center fusion-title-text fusion-title-size-two\" style=\"--awb-margin-bottom:30px;\"><h2 class=\"fusion-title-heading title-heading-center\" style=\"margin:0;text-transform:capitalize;\"><span class=\"customTextAnimation blue\">Wissenswertes<\/span><\/h2><\/div><\/div><\/div><\/div><\/div><div class=\"fusion-fullwidth fullwidth-box fusion-builder-row-4 fusion-flex-container has-pattern-background has-mask-background nonhundred-percent-fullwidth non-hundred-percent-height-scrolling gridcontainer grid basicfacts leistungs_items\" style=\"--awb-background-position:left top;--awb-border-sizes-top:0px;--awb-border-sizes-bottom:0px;--awb-border-sizes-left:0px;--awb-border-sizes-right:0px;--awb-border-radius-top-left:0px;--awb-border-radius-top-right:0px;--awb-border-radius-bottom-right:0px;--awb-border-radius-bottom-left:0px;--awb-padding-top:2vh;--awb-padding-right:0px;--awb-padding-bottom:8vh;--awb-padding-left:0px;--awb-background-color:var(--awb-color1);--awb-flex-wrap:wrap;\" ><div class=\"fusion-builder-row fusion-row fusion-flex-align-items-stretch fusion-flex-content-wrap\" style=\"max-width:calc( 1440px + 0px );margin-left: calc(-0px \/ 2 );margin-right: calc(-0px \/ 2 );\"><div class=\"fusion-layout-column fusion_builder_column fusion-builder-column-4 fusion_builder_column_1_1 1_1 fusion-flex-column fusion-column-inner-bg-wrapper fusion-animated grid_item link_item\" style=\"--awb-padding-top:2rem;--awb-padding-right:2rem;--awb-padding-bottom:2rem;--awb-padding-left:2rem;--awb-inner-bg-color:var(--awb-color2);--awb-inner-bg-color-hover:var(--awb-color4);--awb-inner-bg-position:center center;--awb-inner-bg-blend:overlay;--awb-inner-bg-size:cover;--awb-width-large:100%;--awb-margin-top-large:0px;--awb-spacing-right-large:0px;--awb-margin-bottom-large:0px;--awb-spacing-left-large:0px;--awb-width-medium:100%;--awb-order-medium:0;--awb-spacing-right-medium:0px;--awb-spacing-left-medium:0px;--awb-width-small:100%;--awb-order-small:0;--awb-spacing-right-small:0px;--awb-spacing-left-small:0px;\" data-animationType=\"fadeInUp\" data-animationDuration=\"0.7\" data-animationOffset=\"top-into-view\" data-scroll-devices=\"small-visibility,medium-visibility,large-visibility\"><span class=\"fusion-column-inner-bg hover-type-none\"><a class=\"fusion-column-anchor\" href=\"http:\/\/web.feuer.work\/urbaneck\/faq-kuerz-buendig\/\"><span class=\"fusion-column-inner-bg-image\"><\/span><\/a><\/span><div class=\"fusion-column-wrapper fusion-column-has-shadow fusion-flex-justify-content-flex-start fusion-content-layout-column\"><i class=\"fb-icon-element-1 fb-icon-element fontawesome-icon fa-question fas circle-no\" style=\"--awb-iconcolor:var(--awb-color4);--awb-font-size:32px;--awb-margin-top:0;--awb-margin-right:0;--awb-margin-bottom:0;--awb-margin-left:0;--awb-align-self:center;\"><\/i><div class=\"fusion-separator fusion-full-width-sep\" style=\"align-self: center;margin-left: auto;margin-right: auto;margin-top:20px;width:100%;\"><\/div><div class=\"fusion-title title fusion-title-4 fusion-sep-none fusion-title-text fusion-title-size-four\" style=\"--awb-margin-bottom:30px;\"><h4 class=\"fusion-title-heading title-heading-left\" style=\"margin:0;text-transform:none;\"><p style=\"text-align: center;\"><span class=\"customTextAnimation blue\">Sie fragen \u2013 ich antworte<\/span><\/p><\/h4><\/div><div class=\"fusion-text fusion-text-2\"><p style=\"text-align: center;\">Die h\u00e4ufigsten Fragen, die an mich herangetragen werden, habe ich hier zusammen gestellt.<\/p>\n<\/div><\/div><\/div><div class=\"fusion-layout-column fusion_builder_column fusion-builder-column-5 fusion_builder_column_1_1 1_1 fusion-flex-column fusion-column-inner-bg-wrapper fusion-animated grid_item link_item\" style=\"--awb-padding-top:2rem;--awb-padding-right:2rem;--awb-padding-bottom:2rem;--awb-padding-left:2rem;--awb-inner-bg-color:var(--awb-color2);--awb-inner-bg-color-hover:var(--awb-color4);--awb-inner-bg-position:center center;--awb-inner-bg-blend:overlay;--awb-inner-bg-size:cover;--awb-width-large:100%;--awb-margin-top-large:0px;--awb-spacing-right-large:0px;--awb-margin-bottom-large:0px;--awb-spacing-left-large:0px;--awb-width-medium:100%;--awb-order-medium:0;--awb-spacing-right-medium:0px;--awb-spacing-left-medium:0px;--awb-width-small:100%;--awb-order-small:0;--awb-spacing-right-small:0px;--awb-spacing-left-small:0px;\" data-animationType=\"fadeIn\" data-animationDuration=\"0.7\" data-animationOffset=\"top-into-view\" data-scroll-devices=\"small-visibility,medium-visibility,large-visibility\"><span class=\"fusion-column-inner-bg hover-type-none\"><a class=\"fusion-column-anchor\" href=\"http:\/\/web.feuer.work\/urbaneck\/faq-kosten\/\"><span class=\"fusion-column-inner-bg-image\"><\/span><\/a><\/span><div class=\"fusion-column-wrapper fusion-column-has-shadow fusion-flex-justify-content-flex-start fusion-content-layout-column\"><i class=\"fb-icon-element-2 fb-icon-element fontawesome-icon fa-coins fas circle-no\" style=\"--awb-iconcolor:var(--awb-color4);--awb-font-size:32px;--awb-margin-top:0;--awb-margin-right:0;--awb-margin-bottom:0;--awb-margin-left:0;--awb-align-self:center;\"><\/i><div class=\"fusion-separator fusion-full-width-sep\" style=\"align-self: center;margin-left: auto;margin-right: auto;margin-top:20px;width:100%;\"><\/div><div class=\"fusion-title title fusion-title-5 fusion-sep-none fusion-title-text fusion-title-size-four\" style=\"--awb-margin-bottom:30px;\"><h4 class=\"fusion-title-heading title-heading-left\" style=\"margin:0;text-transform:none;\"><p style=\"text-align: center;\"><span class=\"customTextAnimation blue\">Was kostet was?<\/span><\/p><\/h4><\/div><div class=\"fusion-text fusion-text-3\"><p style=\"text-align: center;\">Was zahlt die Kasse, was sind Zusatzleistungen? Einen Leitfaden finden Sie hier.<\/p>\n<\/div><\/div><\/div><div class=\"fusion-layout-column fusion_builder_column fusion-builder-column-6 fusion_builder_column_1_1 1_1 fusion-flex-column fusion-column-inner-bg-wrapper fusion-animated grid_item link_item\" style=\"--awb-padding-top:2rem;--awb-padding-right:2rem;--awb-padding-bottom:2rem;--awb-padding-left:2rem;--awb-inner-bg-color:var(--awb-color2);--awb-inner-bg-color-hover:var(--awb-color4);--awb-inner-bg-position:center center;--awb-inner-bg-blend:overlay;--awb-inner-bg-size:cover;--awb-width-large:100%;--awb-margin-top-large:0px;--awb-spacing-right-large:0px;--awb-margin-bottom-large:0px;--awb-spacing-left-large:0px;--awb-width-medium:100%;--awb-order-medium:0;--awb-spacing-right-medium:0px;--awb-spacing-left-medium:0px;--awb-width-small:100%;--awb-order-small:0;--awb-spacing-right-small:0px;--awb-spacing-left-small:0px;\" data-animationType=\"fadeInRight\" data-animationDuration=\"0.7\" data-animationOffset=\"top-into-view\" data-scroll-devices=\"small-visibility,medium-visibility,large-visibility\"><span class=\"fusion-column-inner-bg hover-type-none\"><a class=\"fusion-column-anchor\" href=\"http:\/\/web.feuer.work\/urbaneck\/sos\/\"><span class=\"fusion-column-inner-bg-image\"><\/span><\/a><\/span><div class=\"fusion-column-wrapper fusion-column-has-shadow fusion-flex-justify-content-flex-start fusion-content-layout-column\"><i class=\"fb-icon-element-3 fb-icon-element fontawesome-icon fa-ambulance fas circle-no\" style=\"--awb-iconcolor:var(--awb-color4);--awb-font-size:32px;--awb-margin-top:0;--awb-margin-right:0;--awb-margin-bottom:0;--awb-margin-left:0;--awb-align-self:center;\"><\/i><div class=\"fusion-separator fusion-full-width-sep\" style=\"align-self: center;margin-left: auto;margin-right: auto;margin-top:20px;width:100%;\"><\/div><div class=\"fusion-title title fusion-title-6 fusion-sep-none fusion-title-text fusion-title-size-four\" style=\"--awb-margin-bottom:30px;\"><h4 class=\"fusion-title-heading title-heading-left\" style=\"margin:0;text-transform:none;\"><p style=\"text-align: center;\"><span class=\"customTextAnimation blue\">Erste Hilfe bei Zahnnotf\u00e4llen<\/span><\/p><\/h4><\/div><div class=\"fusion-text fusion-text-4\"><p style=\"text-align: center;\">Was tun, wenn ein Backet wackelt oder ein Draht lose ist? Erste Ma\u00dfnahmen im \u00dcberblick.<\/p>\n<\/div><\/div><\/div><\/div><\/div>\n<\/p>\n","protected":false},"excerpt":{"rendered":"","protected":false},"author":6,"featured_media":0,"parent":0,"menu_order":0,"comment_status":"closed","ping_status":"closed","template":"100-width.php","meta":{"footnotes":"","_wp_rev_ctl_limit":""},"class_list":["post-1736","page","type-page","status-publish","hentry"],"yoast_head":"<!-- This site is optimized with the Yoast SEO plugin v26.9 - https:\/\/yoast.com\/product\/yoast-seo-wordpress\/ -->\n<title>Info &amp; Service - Dr. Christof Urbanek - Kieferorthop\u00e4de Forchheim<\/title>\n<meta name=\"robots\" content=\"noindex, follow, max-snippet:-1, max-image-preview:large, max-video-preview:-1\" \/>\n<meta property=\"og:locale\" content=\"de_DE\" \/>\n<meta property=\"og:type\" content=\"article\" \/>\n<meta property=\"og:title\" content=\"Info &amp; Service - Dr. Christof Urbanek - Kieferorthop\u00e4de Forchheim\" \/>\n<meta property=\"og:url\" content=\"http:\/\/web.feuer.work\/urbaneck\/info-service\/\" \/>\n<meta property=\"og:site_name\" content=\"Dr. Christof Urbanek - Kieferorthop\u00e4de Forchheim\" \/>\n<meta property=\"article:modified_time\" content=\"2026-02-04T10:00:26+00:00\" \/>\n<meta name=\"twitter:card\" content=\"summary_large_image\" \/>\n<meta name=\"twitter:label1\" content=\"Gesch\u00e4tzte Lesezeit\" \/>\n\t<meta name=\"twitter:data1\" content=\"2\u00a0Minuten\" \/>\n<script type=\"application\/ld+json\" class=\"yoast-schema-graph\">{\"@context\":\"https:\/\/schema.org\",\"@graph\":[{\"@type\":\"WebPage\",\"@id\":\"http:\/\/web.feuer.work\/urbaneck\/info-service\/\",\"url\":\"http:\/\/web.feuer.work\/urbaneck\/info-service\/\",\"name\":\"Info & Service - Dr. Christof Urbanek - Kieferorthop\u00e4de Forchheim\",\"isPartOf\":{\"@id\":\"http:\/\/web.feuer.work\/urbaneck\/#website\"},\"datePublished\":\"2026-01-21T08:40:13+00:00\",\"dateModified\":\"2026-02-04T10:00:26+00:00\",\"breadcrumb\":{\"@id\":\"http:\/\/web.feuer.work\/urbaneck\/info-service\/#breadcrumb\"},\"inLanguage\":\"de\",\"potentialAction\":[{\"@type\":\"ReadAction\",\"target\":[\"http:\/\/web.feuer.work\/urbaneck\/info-service\/\"]}]},{\"@type\":\"BreadcrumbList\",\"@id\":\"http:\/\/web.feuer.work\/urbaneck\/info-service\/#breadcrumb\",\"itemListElement\":[{\"@type\":\"ListItem\",\"position\":1,\"name\":\"Startseite\",\"item\":\"http:\/\/web.feuer.work\/urbaneck\/\"},{\"@type\":\"ListItem\",\"position\":2,\"name\":\"Info &#038; Service\"}]},{\"@type\":\"WebSite\",\"@id\":\"http:\/\/web.feuer.work\/urbaneck\/#website\",\"url\":\"http:\/\/web.feuer.work\/urbaneck\/\",\"name\":\"Fachpraxis f\u00fcr Kieferorthop\u00e4die Forchheim - Dr. Christof Urbanek\",\"description\":\"Ma\u00dfgeschneiderten L\u00f6sungen f\u00fcr Kinder, Jugendliche und Erwachsene\",\"potentialAction\":[{\"@type\":\"SearchAction\",\"target\":{\"@type\":\"EntryPoint\",\"urlTemplate\":\"http:\/\/web.feuer.work\/urbaneck\/?s={search_term_string}\"},\"query-input\":{\"@type\":\"PropertyValueSpecification\",\"valueRequired\":true,\"valueName\":\"search_term_string\"}}],\"inLanguage\":\"de\"}]}<\/script>\n<!-- \/ Yoast SEO plugin. -->","yoast_head_json":{"title":"Info & Service - Dr. Christof Urbanek - Kieferorthop\u00e4de Forchheim","robots":{"index":"noindex","follow":"follow","max-snippet":"max-snippet:-1","max-image-preview":"max-image-preview:large","max-video-preview":"max-video-preview:-1"},"og_locale":"de_DE","og_type":"article","og_title":"Info & Service - Dr. Christof Urbanek - Kieferorthop\u00e4de Forchheim","og_url":"http:\/\/web.feuer.work\/urbaneck\/info-service\/","og_site_name":"Dr. Christof Urbanek - Kieferorthop\u00e4de Forchheim","article_modified_time":"2026-02-04T10:00:26+00:00","twitter_card":"summary_large_image","twitter_misc":{"Gesch\u00e4tzte Lesezeit":"2\u00a0Minuten"},"schema":{"@context":"https:\/\/schema.org","@graph":[{"@type":"WebPage","@id":"http:\/\/web.feuer.work\/urbaneck\/info-service\/","url":"http:\/\/web.feuer.work\/urbaneck\/info-service\/","name":"Info & Service - Dr. Christof Urbanek - Kieferorthop\u00e4de Forchheim","isPartOf":{"@id":"http:\/\/web.feuer.work\/urbaneck\/#website"},"datePublished":"2026-01-21T08:40:13+00:00","dateModified":"2026-02-04T10:00:26+00:00","breadcrumb":{"@id":"http:\/\/web.feuer.work\/urbaneck\/info-service\/#breadcrumb"},"inLanguage":"de","potentialAction":[{"@type":"ReadAction","target":["http:\/\/web.feuer.work\/urbaneck\/info-service\/"]}]},{"@type":"BreadcrumbList","@id":"http:\/\/web.feuer.work\/urbaneck\/info-service\/#breadcrumb","itemListElement":[{"@type":"ListItem","position":1,"name":"Startseite","item":"http:\/\/web.feuer.work\/urbaneck\/"},{"@type":"ListItem","position":2,"name":"Info &#038; Service"}]},{"@type":"WebSite","@id":"http:\/\/web.feuer.work\/urbaneck\/#website","url":"http:\/\/web.feuer.work\/urbaneck\/","name":"Fachpraxis f\u00fcr Kieferorthop\u00e4die Forchheim - Dr. Christof Urbanek","description":"Ma\u00dfgeschneiderten L\u00f6sungen f\u00fcr Kinder, Jugendliche und Erwachsene","potentialAction":[{"@type":"SearchAction","target":{"@type":"EntryPoint","urlTemplate":"http:\/\/web.feuer.work\/urbaneck\/?s={search_term_string}"},"query-input":{"@type":"PropertyValueSpecification","valueRequired":true,"valueName":"search_term_string"}}],"inLanguage":"de"}]}},"_links":{"self":[{"href":"http:\/\/web.feuer.work\/urbaneck\/wp-json\/wp\/v2\/pages\/1736","targetHints":{"allow":["GET"]}}],"collection":[{"href":"http:\/\/web.feuer.work\/urbaneck\/wp-json\/wp\/v2\/pages"}],"about":[{"href":"http:\/\/web.feuer.work\/urbaneck\/wp-json\/wp\/v2\/types\/page"}],"author":[{"embeddable":true,"href":"http:\/\/web.feuer.work\/urbaneck\/wp-json\/wp\/v2\/users\/6"}],"replies":[{"embeddable":true,"href":"http:\/\/web.feuer.work\/urbaneck\/wp-json\/wp\/v2\/comments?post=1736"}],"version-history":[{"count":3,"href":"http:\/\/web.feuer.work\/urbaneck\/wp-json\/wp\/v2\/pages\/1736\/revisions"}],"predecessor-version":[{"id":2171,"href":"http:\/\/web.feuer.work\/urbaneck\/wp-json\/wp\/v2\/pages\/1736\/revisions\/2171"}],"wp:attachment":[{"href":"http:\/\/web.feuer.work\/urbaneck\/wp-json\/wp\/v2\/media?parent=1736"}],"curies":[{"name":"wp","href":"https:\/\/api.w.org\/{rel}","templated":true}]}}