{"id":1483,"date":"2026-01-16T11:07:17","date_gmt":"2026-01-16T10:07:17","guid":{"rendered":"http:\/\/web.feuer.work\/urbaneck\/?page_id=1483"},"modified":"2026-02-04T09:25:56","modified_gmt":"2026-02-04T08:25:56","slug":"regelmaessige-prophylaxe","status":"publish","type":"page","link":"http:\/\/web.feuer.work\/urbaneck\/kieferorthopaedie-leistungen\/regelmaessige-prophylaxe\/","title":{"rendered":"Regelm\u00e4\u00dfige Prophylaxe"},"content":{"rendered":"<p><div class=\"fusion-fullwidth fullwidth-box fusion-builder-row-1 fusion-flex-container has-pattern-background has-mask-background fusion-parallax-none nonhundred-percent-fullwidth non-hundred-percent-height-scrolling lazyload\" style=\"--awb-background-position:center top;--awb-border-sizes-top:0px;--awb-border-sizes-bottom:0px;--awb-border-sizes-left:0px;--awb-border-sizes-right:0px;--awb-border-radius-top-left:0px;--awb-border-radius-top-right:0px;--awb-border-radius-bottom-right:0px;--awb-border-radius-bottom-left:0px;--awb-padding-top:25vh;--awb-padding-right:5%;--awb-padding-bottom:10vh;--awb-padding-left:5%;--awb-min-height:70dvh;--awb-min-height-small:50dvh;--awb-background-size:cover;--awb-flex-wrap:wrap;\" data-bg=\"http:\/\/web.feuer.work\/urbaneck\/wp-content\/uploads\/2026\/02\/urbaneck-sammlung-prophylaxe2.webp\" ><div class=\"fusion-builder-row fusion-row fusion-flex-align-items-flex-start fusion-flex-content-wrap\" style=\"max-width:calc( 1440px + 0px );margin-left: calc(-0px \/ 2 );margin-right: calc(-0px \/ 2 );\"><div class=\"fusion-layout-column fusion_builder_column fusion-builder-column-0 fusion_builder_column_1_1 1_1 fusion-flex-column\" style=\"--awb-bg-blend:overlay;--awb-bg-size:cover;--awb-width-large:100%;--awb-margin-top-large:0px;--awb-spacing-right-large:0px;--awb-margin-bottom-large:30px;--awb-spacing-left-large:0px;--awb-width-medium:100%;--awb-spacing-right-medium:0px;--awb-spacing-left-medium:0px;--awb-width-small:100%;--awb-spacing-right-small:0px;--awb-spacing-left-small:0px;\"><div class=\"fusion-column-wrapper fusion-flex-justify-content-flex-start fusion-content-layout-column\"><\/div><\/div><\/div><\/div><div class=\"fusion-fullwidth fullwidth-box fusion-builder-row-2 fusion-flex-container has-pattern-background has-mask-background nonhundred-percent-fullwidth non-hundred-percent-height-scrolling\" style=\"--awb-border-radius-top-left:0px;--awb-border-radius-top-right:0px;--awb-border-radius-bottom-right:0px;--awb-border-radius-bottom-left:0px;--awb-padding-top:0px;--awb-padding-right:0px;--awb-padding-bottom:0px;--awb-padding-left:0px;--awb-margin-top:5vh;--awb-margin-bottom:0px;--awb-flex-wrap:wrap;\" ><div class=\"fusion-builder-row fusion-row fusion-flex-align-items-flex-start fusion-flex-content-wrap\" style=\"max-width:calc( 1440px + 0px );margin-left: calc(-0px \/ 2 );margin-right: calc(-0px \/ 2 );\"><div class=\"fusion-layout-column fusion_builder_column fusion-builder-column-1 fusion_builder_column_1_1 1_1 fusion-flex-column\" style=\"--awb-padding-top:0px;--awb-padding-right:2rem;--awb-padding-bottom:3vw;--awb-padding-left:2rem;--awb-bg-blend:overlay;--awb-bg-size:cover;--awb-width-large:100%;--awb-margin-top-large:0px;--awb-spacing-right-large:0px;--awb-margin-bottom-large:0px;--awb-spacing-left-large:0px;--awb-width-medium:100%;--awb-order-medium:0;--awb-spacing-right-medium:0px;--awb-spacing-left-medium:0px;--awb-width-small:100%;--awb-order-small:0;--awb-spacing-right-small:0px;--awb-spacing-left-small:0px;\" data-scroll-devices=\"small-visibility,medium-visibility,large-visibility\"><div class=\"fusion-column-wrapper fusion-column-has-shadow fusion-flex-justify-content-flex-start fusion-content-layout-column\"><div class=\"fusion-title title fusion-title-1 fusion-sep-none fusion-title-center fusion-title-text fusion-title-size-one\" style=\"--awb-text-color:var(--awb-color4);--awb-margin-top-medium:20px;\"><h1 class=\"fusion-title-heading title-heading-center\" style=\"margin:0;text-transform:none;\"><p style=\"text-align: left;\">Regelm\u00e4\u00dfige Prophylaxe<\/p><\/h1><\/div><\/div><\/div><\/div><\/div><div class=\"fusion-fullwidth fullwidth-box fusion-builder-row-3 fusion-flex-container has-pattern-background has-mask-background nonhundred-percent-fullwidth non-hundred-percent-height-scrolling\" style=\"--awb-background-position:left top;--awb-border-sizes-top:0px;--awb-border-sizes-bottom:0px;--awb-border-sizes-left:0px;--awb-border-sizes-right:0px;--awb-border-radius-top-left:0px;--awb-border-radius-top-right:0px;--awb-border-radius-bottom-right:0px;--awb-border-radius-bottom-left:0px;--awb-padding-top:0vh;--awb-padding-right:0px;--awb-padding-bottom:3vh;--awb-padding-left:0px;--awb-flex-wrap:wrap;\" ><div class=\"fusion-builder-row fusion-row fusion-flex-align-items-flex-start fusion-flex-justify-content-center fusion-flex-content-wrap\" style=\"max-width:calc( 1440px + 0px );margin-left: calc(-0px \/ 2 );margin-right: calc(-0px \/ 2 );\"><div class=\"fusion-layout-column fusion_builder_column fusion-builder-column-2 fusion_builder_column_1_2 1_2 fusion-flex-column fusion-animated\" style=\"--awb-padding-top:2rem;--awb-padding-right:2rem;--awb-padding-bottom:2rem;--awb-padding-left:2rem;--awb-bg-blend:overlay;--awb-bg-size:cover;--awb-width-large:50%;--awb-margin-top-large:0px;--awb-spacing-right-large:0px;--awb-margin-bottom-large:0px;--awb-spacing-left-large:0px;--awb-width-medium:100%;--awb-order-medium:0;--awb-spacing-right-medium:0px;--awb-spacing-left-medium:0px;--awb-width-small:100%;--awb-order-small:0;--awb-spacing-right-small:0px;--awb-spacing-left-small:0px;\" data-animationType=\"fadeInLeft\" data-animationDuration=\"1.2\" data-animationOffset=\"top-into-view\" data-scroll-devices=\"small-visibility,medium-visibility,large-visibility\"><div class=\"fusion-column-wrapper fusion-column-has-shadow fusion-flex-justify-content-flex-start fusion-content-layout-column\"><div class=\"fusion-text fusion-text-1\"><h3>Gesund beginnt im Mund \u2013 Prophylaxe beim Kieferorthop\u00e4den Dr. Urbanek<\/h3>\n<\/div><div class=\"fusion-text fusion-text-2\"><p>Ein sch\u00f6nes L\u00e4cheln entsteht nicht von allein: Es ist das Ergebnis gesunder Z\u00e4hne, funktionierender Kiefergelenke und einer guten Mundhygiene. In der Kieferorthop\u00e4die spielt Prophylaxe deshalb eine zentrale Rolle. Unser Ziel ist es, schon fr\u00fchzeitig Zahn- und Kieferprobleme zu erkennen, vorzubeugen und nachhaltige Stabilit\u00e4t f\u00fcr das gesamte Gebiss zu schaffen.<\/p>\n<\/div><div ><a class=\"fusion-button button-flat fusion-button-default-size button-default fusion-button-default button-1 fusion-button-default-span fusion-button-default-type\" target=\"_self\" href=\"http:\/\/web.feuer.work\/urbaneck\/kontakt\/\"><span class=\"fusion-button-text awb-button__text awb-button__text--default\">Haben Sie Fragen?<\/span><\/a><\/div><\/div><\/div><div class=\"fusion-layout-column fusion_builder_column fusion-builder-column-3 fusion_builder_column_1_2 1_2 fusion-flex-column fusion-column-inner-bg-wrapper fusion-animated\" style=\"--awb-overflow:hidden;--awb-inner-bg-position:right center;--awb-inner-bg-size:cover;--awb-border-radius:.5rem .5rem .5rem .5rem;--awb-inner-bg-border-radius:.5rem .5rem .5rem .5rem;--awb-inner-bg-overflow:hidden;--awb-width-large:50%;--awb-margin-top-large:0px;--awb-spacing-right-large:0px;--awb-margin-bottom-large:0px;--awb-spacing-left-large:0px;--awb-width-medium:100%;--awb-order-medium:0;--awb-spacing-right-medium:0px;--awb-spacing-left-medium:0px;--awb-width-small:100%;--awb-order-small:0;--awb-spacing-right-small:0px;--awb-spacing-left-small:0px;\" data-animationType=\"fadeInRight\" data-animationDuration=\"0.8\" data-animationDelay=\"0.3\" data-animationOffset=\"top-into-view\" data-scroll-devices=\"small-visibility,medium-visibility,large-visibility\"><span class=\"fusion-column-inner-bg hover-type-none\"><a class=\"fusion-column-anchor\" href=\"http:\/\/web.feuer.work\/urbaneck\/make-appointment\/\"><span class=\"fusion-column-inner-bg-image lazyload\" data-bg=\"http:\/\/web.feuer.work\/urbaneck\/wp-content\/uploads\/2026\/01\/urbaneck-prophylaxe-behandlung.webp\"><\/span><\/a><\/span><div class=\"fusion-column-wrapper fusion-column-has-shadow fusion-flex-justify-content-flex-start fusion-content-layout-column fusion-column-has-bg-image\" data-bg-url=\"http:\/\/web.feuer.work\/urbaneck\/wp-content\/uploads\/2026\/01\/urbaneck-prophylaxe-behandlung.webp\"><div class=\"fusion-separator fusion-full-width-sep\" style=\"align-self: center;margin-left: auto;margin-right: auto;margin-top:45vh;width:100%;\"><\/div><div class=\"fusion-image-element \" style=\"--awb-max-width:80px;--awb-caption-title-font-family:var(--h2_typography-font-family);--awb-caption-title-font-weight:var(--h2_typography-font-weight);--awb-caption-title-font-style:var(--h2_typography-font-style);--awb-caption-title-size:var(--h2_typography-font-size);--awb-caption-title-transform:var(--h2_typography-text-transform);--awb-caption-title-line-height:var(--h2_typography-line-height);--awb-caption-title-letter-spacing:var(--h2_typography-letter-spacing);\"><span class=\" fusion-imageframe imageframe-none imageframe-1 hover-type-none wasserzeichen-logo\"><img decoding=\"async\" width=\"559\" height=\"235\" title=\"urbanek-logo-signet-white\" src=\"http:\/\/web.feuer.work\/urbaneck\/wp-content\/uploads\/2026\/01\/urbanek-logo-signet-white.webp\" data-orig-src=\"http:\/\/web.feuer.work\/urbaneck\/wp-content\/uploads\/2026\/01\/urbanek-logo-signet-white.webp\" alt class=\"lazyload img-responsive wp-image-1403\" srcset=\"data:image\/svg+xml,%3Csvg%20xmlns%3D%27http%3A%2F%2Fwww.w3.org%2F2000%2Fsvg%27%20width%3D%27559%27%20height%3D%27235%27%20viewBox%3D%270%200%20559%20235%27%3E%3Crect%20width%3D%27559%27%20height%3D%27235%27%20fill-opacity%3D%220%22%2F%3E%3C%2Fsvg%3E\" data-srcset=\"http:\/\/web.feuer.work\/urbaneck\/wp-content\/uploads\/2026\/01\/urbanek-logo-signet-white-200x84.webp 200w, http:\/\/web.feuer.work\/urbaneck\/wp-content\/uploads\/2026\/01\/urbanek-logo-signet-white-400x168.webp 400w, http:\/\/web.feuer.work\/urbaneck\/wp-content\/uploads\/2026\/01\/urbanek-logo-signet-white.webp 559w\" data-sizes=\"auto\" data-orig-sizes=\"(max-width: 1024px) 100vw, (max-width: 640px) 100vw, 559px\" \/><\/span><\/div><\/div><\/div><\/div><\/div><div class=\"fusion-fullwidth fullwidth-box fusion-builder-row-4 fusion-flex-container has-pattern-background has-mask-background nonhundred-percent-fullwidth non-hundred-percent-height-scrolling gridcontainer grid leistungs_items aesthetik\" style=\"--awb-background-position:left top;--awb-border-sizes-top:0px;--awb-border-sizes-bottom:0px;--awb-border-sizes-left:0px;--awb-border-sizes-right:0px;--awb-border-radius-top-left:0px;--awb-border-radius-top-right:0px;--awb-border-radius-bottom-right:0px;--awb-border-radius-bottom-left:0px;--awb-padding-top:0px;--awb-padding-right:0px;--awb-padding-bottom:0px;--awb-padding-left:0px;--awb-flex-wrap:wrap;\" ><div class=\"fusion-builder-row fusion-row fusion-flex-align-items-stretch fusion-flex-content-wrap\" style=\"max-width:calc( 1440px + 0px );margin-left: calc(-0px \/ 2 );margin-right: calc(-0px \/ 2 );\"><div class=\"fusion-layout-column fusion_builder_column fusion-builder-column-4 fusion_builder_column_1_1 1_1 fusion-flex-column grid_item\" style=\"--awb-padding-top:2rem;--awb-padding-right:2rem;--awb-padding-bottom:2rem;--awb-padding-left:2rem;--awb-bg-position:center center;--awb-bg-blend:overlay;--awb-bg-size:cover;--awb-width-large:100%;--awb-margin-top-large:0px;--awb-spacing-right-large:0px;--awb-margin-bottom-large:0px;--awb-spacing-left-large:0px;--awb-width-medium:100%;--awb-order-medium:0;--awb-spacing-right-medium:0px;--awb-spacing-left-medium:0px;--awb-width-small:100%;--awb-order-small:0;--awb-spacing-right-small:0px;--awb-spacing-left-small:0px;\" data-scroll-devices=\"small-visibility,medium-visibility,large-visibility\"><div class=\"fusion-column-wrapper fusion-column-has-shadow fusion-flex-justify-content-flex-start fusion-content-layout-column\"><div class=\"fusion-title title fusion-title-2 fusion-sep-none fusion-title-text fusion-title-size-four\" style=\"--awb-margin-bottom:30px;\"><h4 class=\"fusion-title-heading title-heading-left\" style=\"margin:0;text-transform:none;\"><span class=\"customTextAnimation blue\">Warum Prophylaxe so wichtig ist<\/span><\/h4><\/div><div class=\"fusion-text fusion-text-3\"><p>Eine kieferorthop\u00e4dische Behandlung dient nicht nur der \u00c4sthetik, sondern auch der Gesunderhaltung der Z\u00e4hne und des Kieferapparates. Fehlstellungen k\u00f6nnen langfristig zu Problemen f\u00fchren \u2013 etwa zu \u00fcberm\u00e4\u00dfigem Zahnabrieb, Kiefergelenksbeschwerden oder sogar Zahnverlust. Durch gezielte Prophylaxema\u00dfnahmen lassen sich diese Risiken deutlich reduzieren.<\/p>\n<\/div><\/div><\/div><div class=\"fusion-layout-column fusion_builder_column fusion-builder-column-5 fusion_builder_column_1_1 1_1 fusion-flex-column grid_item\" style=\"--awb-padding-top:2rem;--awb-padding-right:2rem;--awb-padding-bottom:2rem;--awb-padding-left:2rem;--awb-bg-position:center center;--awb-bg-blend:overlay;--awb-bg-size:cover;--awb-width-large:100%;--awb-margin-top-large:0px;--awb-spacing-right-large:0px;--awb-margin-bottom-large:0px;--awb-spacing-left-large:0px;--awb-width-medium:100%;--awb-order-medium:0;--awb-spacing-right-medium:0px;--awb-spacing-left-medium:0px;--awb-width-small:100%;--awb-order-small:0;--awb-spacing-right-small:0px;--awb-spacing-left-small:0px;\" data-scroll-devices=\"small-visibility,medium-visibility,large-visibility\"><div class=\"fusion-column-wrapper fusion-column-has-shadow fusion-flex-justify-content-flex-start fusion-content-layout-column\"><div class=\"fusion-title title fusion-title-3 fusion-sep-none fusion-title-text fusion-title-size-four\" style=\"--awb-margin-bottom:30px;\"><h4 class=\"fusion-title-heading title-heading-left\" style=\"margin:0;text-transform:none;\"><span class=\"customTextAnimation blue\">Prophylaxe bei Kindern und Jugendlichen<\/span><\/h4><\/div><div class=\"fusion-text fusion-text-4\"><p>Gerade im jungen Alter ist Vorsorge entscheidend. Eine kieferorthop\u00e4dische Kontrolle kann helfen, Fehlstellungen fr\u00fch zu erkennen und zu behandeln, bevor sie sich verfestigen. Gleichzeitig unterst\u00fctzen wir Kinder und ihre Eltern bei optimaler Mundhygiene w\u00e4hrend der Spangenbehandlung \u2013 etwa durch professionelle Zahnreinigungen und Tipps zur Zahnpflege.<\/p>\n<\/div><\/div><\/div><\/div><\/div><div class=\"fusion-fullwidth fullwidth-box fusion-builder-row-5 fusion-flex-container has-pattern-background has-mask-background nonhundred-percent-fullwidth non-hundred-percent-height-scrolling gridcontainer grid leistungs_items aesthetik\" style=\"--awb-background-position:left top;--awb-border-sizes-top:0px;--awb-border-sizes-bottom:0px;--awb-border-sizes-left:0px;--awb-border-sizes-right:0px;--awb-border-radius-top-left:0px;--awb-border-radius-top-right:0px;--awb-border-radius-bottom-right:0px;--awb-border-radius-bottom-left:0px;--awb-padding-top:0px;--awb-padding-right:0px;--awb-padding-bottom:0px;--awb-padding-left:0px;--awb-flex-wrap:wrap;\" ><div class=\"fusion-builder-row fusion-row fusion-flex-align-items-stretch fusion-flex-content-wrap\" style=\"max-width:calc( 1440px + 0px );margin-left: calc(-0px \/ 2 );margin-right: calc(-0px \/ 2 );\"><div class=\"fusion-layout-column fusion_builder_column fusion-builder-column-6 fusion_builder_column_1_1 1_1 fusion-flex-column grid_item\" style=\"--awb-padding-top:2rem;--awb-padding-right:2rem;--awb-padding-bottom:2rem;--awb-padding-left:2rem;--awb-bg-position:center center;--awb-bg-blend:overlay;--awb-bg-size:cover;--awb-width-large:100%;--awb-margin-top-large:0px;--awb-spacing-right-large:0px;--awb-margin-bottom-large:0px;--awb-spacing-left-large:0px;--awb-width-medium:100%;--awb-order-medium:0;--awb-spacing-right-medium:0px;--awb-spacing-left-medium:0px;--awb-width-small:100%;--awb-order-small:0;--awb-spacing-right-small:0px;--awb-spacing-left-small:0px;\" data-scroll-devices=\"small-visibility,medium-visibility,large-visibility\"><div class=\"fusion-column-wrapper fusion-column-has-shadow fusion-flex-justify-content-flex-start fusion-content-layout-column\"><div class=\"fusion-title title fusion-title-4 fusion-sep-none fusion-title-text fusion-title-size-four\" style=\"--awb-margin-bottom:30px;\"><h4 class=\"fusion-title-heading title-heading-left\" style=\"margin:0;text-transform:none;\"><span class=\"customTextAnimation blue\">Prophylaxe bei Erwachsenen<\/span><\/h4><\/div><div class=\"fusion-text fusion-text-5\"><p>Auch im Erwachsenenalter sind regelm\u00e4\u00dfige Kontrollen und vorbeugende Ma\u00dfnahmen wichtig. Moderne Zahnspangen oder Aligner bieten nicht nur \u00e4sthetische Vorteile, sondern tragen dazu bei, den Kauapparat langfristig gesund zu erhalten. Die Kombination aus Kieferorthop\u00e4die und Zahnprophylaxe sorgt f\u00fcr stabile und funktionelle Ergebnisse \u2013 ein Leben lang.<\/p>\n<\/div><\/div><\/div><div class=\"fusion-layout-column fusion_builder_column fusion-builder-column-7 fusion_builder_column_1_1 1_1 fusion-flex-column grid_item\" style=\"--awb-padding-top:2rem;--awb-padding-right:2rem;--awb-padding-bottom:2rem;--awb-padding-left:2rem;--awb-bg-position:center center;--awb-bg-blend:overlay;--awb-bg-size:cover;--awb-width-large:100%;--awb-margin-top-large:0px;--awb-spacing-right-large:0px;--awb-margin-bottom-large:0px;--awb-spacing-left-large:0px;--awb-width-medium:100%;--awb-order-medium:0;--awb-spacing-right-medium:0px;--awb-spacing-left-medium:0px;--awb-width-small:100%;--awb-order-small:0;--awb-spacing-right-small:0px;--awb-spacing-left-small:0px;\" data-scroll-devices=\"small-visibility,medium-visibility,large-visibility\"><div class=\"fusion-column-wrapper fusion-column-has-shadow fusion-flex-justify-content-flex-start fusion-content-layout-column\"><div class=\"fusion-title title fusion-title-5 fusion-sep-none fusion-title-text fusion-title-size-four\" style=\"--awb-margin-bottom:30px;\"><h4 class=\"fusion-title-heading title-heading-left\" style=\"margin:0;text-transform:none;\"><span class=\"customTextAnimation blue\">Unser Beitrag zu Ihrer Zahngesundheit<\/span><\/h4><\/div><div class=\"fusion-text fusion-text-6\"><p>Bei Dr. Christof Urbanek legen wir gro\u00dfen Wert auf individuelle Prophylaxekonzepte. Von der ersten Untersuchung bis zur Retention nach der Behandlung begleiten wir unsere Patientinnen und Patienten mit umfassender Beratung, regelm\u00e4\u00dfigen Kontrollen und enger Zusammenarbeit mit Ihrem Zahnarzt.<\/p>\n<\/div><\/div><\/div><\/div><\/div><\/p>\n","protected":false},"excerpt":{"rendered":"","protected":false},"author":6,"featured_media":0,"parent":1135,"menu_order":0,"comment_status":"closed","ping_status":"closed","template":"100-width.php","meta":{"footnotes":"","_wp_rev_ctl_limit":""},"class_list":["post-1483","page","type-page","status-publish","hentry"],"yoast_head":"<!-- This site is optimized with the Yoast SEO plugin v26.9 - https:\/\/yoast.com\/product\/yoast-seo-wordpress\/ -->\n<title>Regelm\u00e4\u00dfige Prophylaxe - Dr. Christof Urbanek - Kieferorthop\u00e4de Forchheim<\/title>\n<meta name=\"robots\" content=\"noindex, follow, max-snippet:-1, max-image-preview:large, max-video-preview:-1\" \/>\n<meta property=\"og:locale\" content=\"de_DE\" \/>\n<meta property=\"og:type\" content=\"article\" \/>\n<meta property=\"og:title\" content=\"Regelm\u00e4\u00dfige Prophylaxe - Dr. Christof Urbanek - Kieferorthop\u00e4de Forchheim\" \/>\n<meta property=\"og:url\" content=\"http:\/\/web.feuer.work\/urbaneck\/kieferorthopaedie-leistungen\/regelmaessige-prophylaxe\/\" \/>\n<meta property=\"og:site_name\" content=\"Dr. Christof Urbanek - Kieferorthop\u00e4de Forchheim\" \/>\n<meta property=\"article:modified_time\" content=\"2026-02-04T08:25:56+00:00\" \/>\n<meta name=\"twitter:card\" content=\"summary_large_image\" \/>\n<meta name=\"twitter:label1\" content=\"Gesch\u00e4tzte Lesezeit\" \/>\n\t<meta name=\"twitter:data1\" content=\"2\u00a0Minuten\" \/>\n<script type=\"application\/ld+json\" class=\"yoast-schema-graph\">{\"@context\":\"https:\/\/schema.org\",\"@graph\":[{\"@type\":\"WebPage\",\"@id\":\"http:\/\/web.feuer.work\/urbaneck\/kieferorthopaedie-leistungen\/regelmaessige-prophylaxe\/\",\"url\":\"http:\/\/web.feuer.work\/urbaneck\/kieferorthopaedie-leistungen\/regelmaessige-prophylaxe\/\",\"name\":\"Regelm\u00e4\u00dfige Prophylaxe - Dr. Christof Urbanek - Kieferorthop\u00e4de Forchheim\",\"isPartOf\":{\"@id\":\"http:\/\/web.feuer.work\/urbaneck\/#website\"},\"datePublished\":\"2026-01-16T10:07:17+00:00\",\"dateModified\":\"2026-02-04T08:25:56+00:00\",\"breadcrumb\":{\"@id\":\"http:\/\/web.feuer.work\/urbaneck\/kieferorthopaedie-leistungen\/regelmaessige-prophylaxe\/#breadcrumb\"},\"inLanguage\":\"de\",\"potentialAction\":[{\"@type\":\"ReadAction\",\"target\":[\"http:\/\/web.feuer.work\/urbaneck\/kieferorthopaedie-leistungen\/regelmaessige-prophylaxe\/\"]}]},{\"@type\":\"BreadcrumbList\",\"@id\":\"http:\/\/web.feuer.work\/urbaneck\/kieferorthopaedie-leistungen\/regelmaessige-prophylaxe\/#breadcrumb\",\"itemListElement\":[{\"@type\":\"ListItem\",\"position\":1,\"name\":\"Startseite\",\"item\":\"http:\/\/web.feuer.work\/urbaneck\/\"},{\"@type\":\"ListItem\",\"position\":2,\"name\":\"Kiefer\u00adorthopaedie Leistungen\",\"item\":\"http:\/\/web.feuer.work\/urbaneck\/kieferorthopaedie-leistungen\/\"},{\"@type\":\"ListItem\",\"position\":3,\"name\":\"Regelm\u00e4\u00dfige Prophylaxe\"}]},{\"@type\":\"WebSite\",\"@id\":\"http:\/\/web.feuer.work\/urbaneck\/#website\",\"url\":\"http:\/\/web.feuer.work\/urbaneck\/\",\"name\":\"Fachpraxis f\u00fcr Kieferorthop\u00e4die Forchheim - Dr. Christof Urbanek\",\"description\":\"Ma\u00dfgeschneiderten L\u00f6sungen f\u00fcr Kinder, Jugendliche und Erwachsene\",\"potentialAction\":[{\"@type\":\"SearchAction\",\"target\":{\"@type\":\"EntryPoint\",\"urlTemplate\":\"http:\/\/web.feuer.work\/urbaneck\/?s={search_term_string}\"},\"query-input\":{\"@type\":\"PropertyValueSpecification\",\"valueRequired\":true,\"valueName\":\"search_term_string\"}}],\"inLanguage\":\"de\"}]}<\/script>\n<!-- \/ Yoast SEO plugin. -->","yoast_head_json":{"title":"Regelm\u00e4\u00dfige Prophylaxe - Dr. Christof Urbanek - Kieferorthop\u00e4de Forchheim","robots":{"index":"noindex","follow":"follow","max-snippet":"max-snippet:-1","max-image-preview":"max-image-preview:large","max-video-preview":"max-video-preview:-1"},"og_locale":"de_DE","og_type":"article","og_title":"Regelm\u00e4\u00dfige Prophylaxe - Dr. Christof Urbanek - Kieferorthop\u00e4de Forchheim","og_url":"http:\/\/web.feuer.work\/urbaneck\/kieferorthopaedie-leistungen\/regelmaessige-prophylaxe\/","og_site_name":"Dr. Christof Urbanek - Kieferorthop\u00e4de Forchheim","article_modified_time":"2026-02-04T08:25:56+00:00","twitter_card":"summary_large_image","twitter_misc":{"Gesch\u00e4tzte Lesezeit":"2\u00a0Minuten"},"schema":{"@context":"https:\/\/schema.org","@graph":[{"@type":"WebPage","@id":"http:\/\/web.feuer.work\/urbaneck\/kieferorthopaedie-leistungen\/regelmaessige-prophylaxe\/","url":"http:\/\/web.feuer.work\/urbaneck\/kieferorthopaedie-leistungen\/regelmaessige-prophylaxe\/","name":"Regelm\u00e4\u00dfige Prophylaxe - Dr. Christof Urbanek - Kieferorthop\u00e4de Forchheim","isPartOf":{"@id":"http:\/\/web.feuer.work\/urbaneck\/#website"},"datePublished":"2026-01-16T10:07:17+00:00","dateModified":"2026-02-04T08:25:56+00:00","breadcrumb":{"@id":"http:\/\/web.feuer.work\/urbaneck\/kieferorthopaedie-leistungen\/regelmaessige-prophylaxe\/#breadcrumb"},"inLanguage":"de","potentialAction":[{"@type":"ReadAction","target":["http:\/\/web.feuer.work\/urbaneck\/kieferorthopaedie-leistungen\/regelmaessige-prophylaxe\/"]}]},{"@type":"BreadcrumbList","@id":"http:\/\/web.feuer.work\/urbaneck\/kieferorthopaedie-leistungen\/regelmaessige-prophylaxe\/#breadcrumb","itemListElement":[{"@type":"ListItem","position":1,"name":"Startseite","item":"http:\/\/web.feuer.work\/urbaneck\/"},{"@type":"ListItem","position":2,"name":"Kiefer\u00adorthopaedie Leistungen","item":"http:\/\/web.feuer.work\/urbaneck\/kieferorthopaedie-leistungen\/"},{"@type":"ListItem","position":3,"name":"Regelm\u00e4\u00dfige Prophylaxe"}]},{"@type":"WebSite","@id":"http:\/\/web.feuer.work\/urbaneck\/#website","url":"http:\/\/web.feuer.work\/urbaneck\/","name":"Fachpraxis f\u00fcr Kieferorthop\u00e4die Forchheim - Dr. Christof Urbanek","description":"Ma\u00dfgeschneiderten L\u00f6sungen f\u00fcr Kinder, Jugendliche und Erwachsene","potentialAction":[{"@type":"SearchAction","target":{"@type":"EntryPoint","urlTemplate":"http:\/\/web.feuer.work\/urbaneck\/?s={search_term_string}"},"query-input":{"@type":"PropertyValueSpecification","valueRequired":true,"valueName":"search_term_string"}}],"inLanguage":"de"}]}},"_links":{"self":[{"href":"http:\/\/web.feuer.work\/urbaneck\/wp-json\/wp\/v2\/pages\/1483","targetHints":{"allow":["GET"]}}],"collection":[{"href":"http:\/\/web.feuer.work\/urbaneck\/wp-json\/wp\/v2\/pages"}],"about":[{"href":"http:\/\/web.feuer.work\/urbaneck\/wp-json\/wp\/v2\/types\/page"}],"author":[{"embeddable":true,"href":"http:\/\/web.feuer.work\/urbaneck\/wp-json\/wp\/v2\/users\/6"}],"replies":[{"embeddable":true,"href":"http:\/\/web.feuer.work\/urbaneck\/wp-json\/wp\/v2\/comments?post=1483"}],"version-history":[{"count":3,"href":"http:\/\/web.feuer.work\/urbaneck\/wp-json\/wp\/v2\/pages\/1483\/revisions"}],"predecessor-version":[{"id":2155,"href":"http:\/\/web.feuer.work\/urbaneck\/wp-json\/wp\/v2\/pages\/1483\/revisions\/2155"}],"up":[{"embeddable":true,"href":"http:\/\/web.feuer.work\/urbaneck\/wp-json\/wp\/v2\/pages\/1135"}],"wp:attachment":[{"href":"http:\/\/web.feuer.work\/urbaneck\/wp-json\/wp\/v2\/media?parent=1483"}],"curies":[{"name":"wp","href":"https:\/\/api.w.org\/{rel}","templated":true}]}}