{"id":1134,"date":"2015-12-14T04:10:10","date_gmt":"2015-12-14T04:10:10","guid":{"rendered":"http:\/\/theme-fusion.com\/avada\/medical\/?page_id=7"},"modified":"2026-02-04T08:59:03","modified_gmt":"2026-02-04T07:59:03","slug":"about","status":"publish","type":"page","link":"http:\/\/web.feuer.work\/urbaneck\/about\/","title":{"rendered":"About"},"content":{"rendered":"<p><div class=\"fusion-fullwidth fullwidth-box fusion-builder-row-1 fusion-flex-container has-pattern-background has-mask-background fusion-parallax-none nonhundred-percent-fullwidth non-hundred-percent-height-scrolling lazyload\" style=\"--awb-border-sizes-top:0px;--awb-border-sizes-bottom:0px;--awb-border-sizes-left:0px;--awb-border-sizes-right:0px;--awb-border-radius-top-left:0px;--awb-border-radius-top-right:0px;--awb-border-radius-bottom-right:0px;--awb-border-radius-bottom-left:0px;--awb-padding-top:25vh;--awb-padding-right:5%;--awb-padding-bottom:10vh;--awb-padding-left:5%;--awb-min-height:50dvh;--awb-min-height-small:50dvh;--awb-background-size:cover;--awb-flex-wrap:wrap;\" data-bg=\"http:\/\/web.feuer.work\/urbaneck\/wp-content\/uploads\/2026\/02\/urbaneck-sammlung_behandlungsraum_neu.webp\" ><div class=\"fusion-builder-row fusion-row fusion-flex-align-items-flex-start fusion-flex-content-wrap\" style=\"max-width:calc( 1440px + 0px );margin-left: calc(-0px \/ 2 );margin-right: calc(-0px \/ 2 );\"><div class=\"fusion-layout-column fusion_builder_column fusion-builder-column-0 fusion_builder_column_1_1 1_1 fusion-flex-column\" style=\"--awb-bg-blend:overlay;--awb-bg-size:cover;--awb-width-large:100%;--awb-margin-top-large:0px;--awb-spacing-right-large:0px;--awb-margin-bottom-large:30px;--awb-spacing-left-large:0px;--awb-width-medium:100%;--awb-spacing-right-medium:0px;--awb-spacing-left-medium:0px;--awb-width-small:100%;--awb-spacing-right-small:0px;--awb-spacing-left-small:0px;\"><div class=\"fusion-column-wrapper fusion-flex-justify-content-flex-start fusion-content-layout-column\"><div class=\"fusion-title title fusion-title-1 fusion-sep-none fusion-title-center fusion-title-text fusion-title-size-one noDisplay\" style=\"--awb-text-color:var(--awb-color1);--awb-margin-top:50px;--awb-margin-bottom:30px;--awb-margin-top-medium:20px;\"><h1 class=\"fusion-title-heading title-heading-center\" style=\"margin:0;text-transform:capitalize;text-shadow:0px 0px 10px var(--awb-color8);\"><p style=\"text-align: center;\"><span style=\"font-size: smaller;\">Kieferortop\u00e4die Forchheim<\/span><br \/>\nWas uns ausmacht<\/p><\/h1><\/div><\/div><\/div><\/div><\/div><div class=\"fusion-fullwidth fullwidth-box fusion-builder-row-2 fusion-flex-container hundred-percent-fullwidth non-hundred-percent-height-scrolling\" style=\"--awb-background-position:left top;--awb-border-sizes-top:0px;--awb-border-sizes-bottom:0px;--awb-border-sizes-left:0px;--awb-border-sizes-right:0px;--awb-border-radius-top-left:0px;--awb-border-radius-top-right:0px;--awb-border-radius-bottom-right:0px;--awb-border-radius-bottom-left:0px;--awb-padding-top:0px;--awb-padding-right:0px;--awb-padding-bottom:0px;--awb-padding-left:0px;--awb-flex-wrap:wrap;\" ><div class=\"fusion-builder-row fusion-row fusion-flex-align-items-stretch fusion-flex-content-wrap\" style=\"width:calc( 100% + 0px ) !important;max-width:calc( 100% + 0px ) !important;margin-left: calc(-0px \/ 2 );margin-right: calc(-0px \/ 2 );\"><div class=\"fusion-layout-column fusion_builder_column fusion-builder-column-1 fusion_builder_column_1_2 1_2 fusion-flex-column\" style=\"--awb-padding-top:13%;--awb-padding-right:13%;--awb-padding-bottom:13%;--awb-padding-left:13%;--awb-bg-blend:overlay;--awb-bg-size:cover;--awb-width-large:50%;--awb-margin-top-large:0px;--awb-spacing-right-large:0px;--awb-margin-bottom-large:0px;--awb-spacing-left-large:0px;--awb-width-medium:100%;--awb-spacing-right-medium:0px;--awb-spacing-left-medium:0px;--awb-width-small:100%;--awb-spacing-right-small:0px;--awb-spacing-left-small:0px;\"><div class=\"fusion-column-wrapper fusion-flex-justify-content-flex-start fusion-content-layout-column\"><div class=\"fusion-title title fusion-title-2 fusion-sep-none fusion-title-text fusion-title-size-two\" style=\"--awb-margin-bottom:30px;\"><h2 class=\"fusion-title-heading title-heading-left\" style=\"margin:0;text-transform:none;\"><span class=\"customTextAnimation blue\">Praxis Leitfaden<\/span><\/h2><\/div><div class=\"fusion-text fusion-text-1\"><p>Wir wollen die besten Ergebnisse, die k\u00fcrzeste kieferorthop\u00e4dische Behandlungszeit und die geringste soziale Beeintr\u00e4chtigung durch unsere Behandlungen, und das in einer freundlichen Atmosph\u00e4re.<br \/>\nDie Patienten sollen sp\u00fcren, dass sie im Mittelpunkt stehen. Voraussetzung daf\u00fcr ist st\u00e4ndige, umfangreiche Fortbildung, um das aktuelle Fachwissen unter einem Dach zu b\u00fcndeln und f\u00fcr unsere Patienten nutzbar zu machen.<\/p>\n<\/div><\/div><\/div><div class=\"fusion-layout-column fusion_builder_column fusion-builder-column-2 fusion_builder_column_1_2 1_2 fusion-flex-column fusion-column-inner-bg-wrapper\" style=\"--awb-inner-bg-position:center center;--awb-inner-bg-blend:overlay;--awb-inner-bg-size:cover;--awb-width-large:50%;--awb-margin-top-large:0px;--awb-spacing-right-large:0px;--awb-margin-bottom-large:0px;--awb-spacing-left-large:0px;--awb-width-medium:100%;--awb-order-medium:0;--awb-spacing-right-medium:0px;--awb-spacing-left-medium:0px;--awb-width-small:100%;--awb-order-small:0;--awb-spacing-right-small:0px;--awb-spacing-left-small:0px;\" data-scroll-devices=\"small-visibility,medium-visibility,large-visibility\"><span class=\"fusion-column-inner-bg hover-type-none\"><a class=\"fusion-column-anchor\" href=\"http:\/\/web.feuer.work\/urbaneck\/make-appointment\/\"><span class=\"fusion-column-inner-bg-image lazyload\" data-bg=\"http:\/\/web.feuer.work\/urbaneck\/wp-content\/uploads\/2026\/01\/urbanek-kfo-teenager.webp\"><\/span><\/a><\/span><div class=\"fusion-column-wrapper fusion-column-has-shadow fusion-flex-justify-content-flex-start fusion-content-layout-column fusion-empty-column-bg-image fusion-column-has-bg-image\" data-bg-url=\"http:\/\/web.feuer.work\/urbaneck\/wp-content\/uploads\/2026\/01\/urbanek-kfo-teenager.webp\"><img decoding=\"async\" class=\"fusion-empty-dims-img-placeholder fusion-no-large-visibility\" alt=\"Jugendliche | Dr. Urbanek - Kieferorthop\u00e4die Forchheim\" aria-label=\"urbanek-kfo-teenager\" src=\"data:image\/svg+xml,%3Csvg%20xmlns%3D%27http%3A%2F%2Fwww.w3.org%2F2000%2Fsvg%27%20width%3D%271024%27%20height%3D%271024%27%20viewBox%3D%270%200%201024%201024%27%3E%3Crect%20width%3D%271024%27%20height%3D%271024%27%20fill-opacity%3D%220%22%2F%3E%3C%2Fsvg%3E\"><\/div><\/div><\/div><\/div><div class=\"fusion-fullwidth fullwidth-box fusion-builder-row-3 fusion-flex-container hundred-percent-fullwidth non-hundred-percent-height-scrolling\" style=\"--awb-background-position:left top;--awb-border-sizes-top:0px;--awb-border-sizes-bottom:0px;--awb-border-sizes-left:0px;--awb-border-sizes-right:0px;--awb-border-radius-top-left:0px;--awb-border-radius-top-right:0px;--awb-border-radius-bottom-right:0px;--awb-border-radius-bottom-left:0px;--awb-padding-top:0px;--awb-padding-right:0px;--awb-padding-bottom:0px;--awb-padding-left:0px;--awb-flex-wrap:wrap;\" ><div class=\"fusion-builder-row fusion-row fusion-flex-align-items-stretch fusion-flex-content-wrap\" style=\"width:calc( 100% + 0px ) !important;max-width:calc( 100% + 0px ) !important;margin-left: calc(-0px \/ 2 );margin-right: calc(-0px \/ 2 );\"><div class=\"fusion-layout-column fusion_builder_column fusion-builder-column-3 fusion_builder_column_1_2 1_2 fusion-flex-column fusion-no-small-visibility fusion-column-inner-bg-wrapper\" style=\"--awb-inner-bg-blend:overlay;--awb-inner-bg-size:cover;--awb-width-large:50%;--awb-margin-top-large:0px;--awb-spacing-right-large:0px;--awb-margin-bottom-large:0px;--awb-spacing-left-large:0px;--awb-width-medium:100%;--awb-order-medium:1;--awb-spacing-right-medium:0px;--awb-spacing-left-medium:0px;--awb-width-small:100%;--awb-order-small:0;--awb-spacing-right-small:0px;--awb-spacing-left-small:0px;\" data-scroll-devices=\"small-visibility,medium-visibility,large-visibility\"><span class=\"fusion-column-inner-bg hover-type-none\"><a class=\"fusion-column-anchor\" href=\"http:\/\/web.feuer.work\/urbaneck\/make-appointment\/\"><span class=\"fusion-column-inner-bg-image lazyload\" data-bg=\"http:\/\/web.feuer.work\/urbaneck\/wp-content\/uploads\/2026\/01\/dr.urbanek-behandlung-teenager-2.webp\"><\/span><\/a><\/span><div class=\"fusion-column-wrapper fusion-column-has-shadow fusion-flex-justify-content-flex-start fusion-content-layout-column fusion-empty-column-bg-image fusion-column-has-bg-image\" data-bg-url=\"http:\/\/web.feuer.work\/urbaneck\/wp-content\/uploads\/2026\/01\/dr.urbanek-behandlung-teenager-2.webp\"><img decoding=\"async\" class=\"fusion-empty-dims-img-placeholder fusion-no-large-visibility\" alt=\"Behandlung | Dr. Urbanek - Kieferorthop\u00e4die Forchheim\" aria-label=\"dr.urbanek-behandlung-teenager-2\" src=\"data:image\/svg+xml,%3Csvg%20xmlns%3D%27http%3A%2F%2Fwww.w3.org%2F2000%2Fsvg%27%20width%3D%271248%27%20height%3D%27832%27%20viewBox%3D%270%200%201248%20832%27%3E%3Crect%20width%3D%271248%27%20height%3D%27832%27%20fill-opacity%3D%220%22%2F%3E%3C%2Fsvg%3E\"><\/div><\/div><div class=\"fusion-layout-column fusion_builder_column fusion-builder-column-4 fusion_builder_column_1_2 1_2 fusion-flex-column\" style=\"--awb-padding-top:13%;--awb-padding-right:13%;--awb-padding-bottom:13%;--awb-padding-left:13%;--awb-bg-position:center center;--awb-bg-blend:overlay;--awb-bg-size:cover;--awb-width-large:50%;--awb-margin-top-large:0px;--awb-spacing-right-large:0px;--awb-margin-bottom-large:0px;--awb-spacing-left-large:0px;--awb-width-medium:100%;--awb-spacing-right-medium:0px;--awb-spacing-left-medium:0px;--awb-width-small:100%;--awb-spacing-right-small:0px;--awb-spacing-left-small:0px;\"><div class=\"fusion-column-wrapper fusion-flex-justify-content-flex-start fusion-content-layout-column\"><div class=\"fusion-title title fusion-title-3 fusion-sep-none fusion-title-text fusion-title-size-two\" style=\"--awb-margin-bottom:30px;\"><h2 class=\"fusion-title-heading title-heading-left\" style=\"margin:0;text-transform:capitalize;\"><span class=\"customTextAnimation blue\">Meine Aufgabe<\/span><\/h2><\/div><div class=\"fusion-text fusion-text-2\"><p>sehe ich darin, meinen Patienten zielf\u00fchrende aktuelle kieferorthop\u00e4diesche Behandlungsm\u00f6glichkeiten anzubieten und bei der Wahl zu beraten. Da Zahnstellungsabweichungen keine Krankheiten sind und in der Regel nicht zwingend behandelt werden m\u00fcssen, ist die Position des Beraters angemessener als die des allwissenden Arztes wie im alten, doktorzentrierten Modell.<\/p>\n<\/div><\/div><\/div><\/div><\/div><div class=\"fusion-fullwidth fullwidth-box fusion-builder-row-4 fusion-flex-container hundred-percent-fullwidth non-hundred-percent-height-scrolling\" style=\"--awb-background-position:left top;--awb-border-sizes-top:0px;--awb-border-sizes-bottom:0px;--awb-border-sizes-left:0px;--awb-border-sizes-right:0px;--awb-border-radius-top-left:0px;--awb-border-radius-top-right:0px;--awb-border-radius-bottom-right:0px;--awb-border-radius-bottom-left:0px;--awb-padding-top:0px;--awb-padding-right:0px;--awb-padding-bottom:0px;--awb-padding-left:0px;--awb-flex-wrap:wrap;\" ><div class=\"fusion-builder-row fusion-row fusion-flex-align-items-stretch fusion-flex-content-wrap\" style=\"width:calc( 100% + 0px ) !important;max-width:calc( 100% + 0px ) !important;margin-left: calc(-0px \/ 2 );margin-right: calc(-0px \/ 2 );\"><div class=\"fusion-layout-column fusion_builder_column fusion-builder-column-5 fusion_builder_column_1_2 1_2 fusion-flex-column\" style=\"--awb-padding-top:13%;--awb-padding-right:13%;--awb-padding-bottom:13%;--awb-padding-left:13%;--awb-bg-blend:overlay;--awb-bg-size:cover;--awb-width-large:50%;--awb-margin-top-large:0px;--awb-spacing-right-large:0px;--awb-margin-bottom-large:0px;--awb-spacing-left-large:0px;--awb-width-medium:100%;--awb-spacing-right-medium:0px;--awb-spacing-left-medium:0px;--awb-width-small:100%;--awb-spacing-right-small:0px;--awb-spacing-left-small:0px;\"><div class=\"fusion-column-wrapper fusion-flex-justify-content-flex-start fusion-content-layout-column\"><div class=\"fusion-title title fusion-title-4 fusion-sep-none fusion-title-text fusion-title-size-two\" style=\"--awb-margin-bottom:30px;\"><h2 class=\"fusion-title-heading title-heading-left\" style=\"margin:0;text-transform:none;line-height:1;\"><span class=\"customTextAnimation blue\">Gesundes L\u00e4cheln, gesunde Funktion<\/span><\/h2><\/div><div class=\"fusion-text fusion-text-3\"><p>Unsere Behandlung zielt nicht nur auf gerade Z\u00e4hne, sondern auf das harmonische Zusammenspiel von Z\u00e4hnen, Kiefer, Muskulatur und Wirbels\u00e4ule \u2013 immer mit Blick auf den ganzen Menschen.<br \/>\nDeshalb beziehen wir bei Bedarf auch Zahn\u00e4rzte, Kieferchirurgen, Orthop\u00e4den, HNO-\u00c4rzte oder Therapeuten mit ein, um ein bestm\u00f6gliches Ergebnis zu erreichen.<br \/>\nMit modernen Techniken und hochwertigen Materialien gestalten wir die Behandlung so schonend und kurz wie m\u00f6glich.<\/p>\n<\/div><\/div><\/div><div class=\"fusion-layout-column fusion_builder_column fusion-builder-column-6 fusion_builder_column_1_2 1_2 fusion-flex-column fusion-column-inner-bg-wrapper\" style=\"--awb-inner-bg-position:center center;--awb-inner-bg-blend:overlay;--awb-inner-bg-size:cover;--awb-width-large:50%;--awb-margin-top-large:0px;--awb-spacing-right-large:0px;--awb-margin-bottom-large:0px;--awb-spacing-left-large:0px;--awb-width-medium:100%;--awb-order-medium:0;--awb-spacing-right-medium:0px;--awb-spacing-left-medium:0px;--awb-width-small:100%;--awb-order-small:0;--awb-spacing-right-small:0px;--awb-spacing-left-small:0px;\" data-scroll-devices=\"small-visibility,medium-visibility,large-visibility\"><span class=\"fusion-column-inner-bg hover-type-none\"><a class=\"fusion-column-anchor\" href=\"http:\/\/web.feuer.work\/urbaneck\/make-appointment\/\"><span class=\"fusion-column-inner-bg-image lazyload\" data-bg=\"http:\/\/web.feuer.work\/urbaneck\/wp-content\/uploads\/2026\/01\/urbaneck-ganzheitlich.webp\"><\/span><\/a><\/span><div class=\"fusion-column-wrapper fusion-column-has-shadow fusion-flex-justify-content-flex-start fusion-content-layout-column fusion-empty-column-bg-image fusion-column-has-bg-image\" data-bg-url=\"http:\/\/web.feuer.work\/urbaneck\/wp-content\/uploads\/2026\/01\/urbaneck-ganzheitlich.webp\"><img decoding=\"async\" class=\"fusion-empty-dims-img-placeholder fusion-no-large-visibility\" alt=\"Genzheitliche Behandlung - Dr. Urbanek - Kieferorthop\u00e4die Forchheim\" aria-label=\"urbaneck-ganzheitlich\" src=\"data:image\/svg+xml,%3Csvg%20xmlns%3D%27http%3A%2F%2Fwww.w3.org%2F2000%2Fsvg%27%20width%3D%271920%27%20height%3D%271282%27%20viewBox%3D%270%200%201920%201282%27%3E%3Crect%20width%3D%271920%27%20height%3D%271282%27%20fill-opacity%3D%220%22%2F%3E%3C%2Fsvg%3E\"><\/div><\/div><\/div><\/div><\/p>\n","protected":false},"excerpt":{"rendered":"","protected":false},"author":1,"featured_media":0,"parent":0,"menu_order":0,"comment_status":"closed","ping_status":"closed","template":"100-width.php","meta":{"footnotes":"","_wp_rev_ctl_limit":""},"class_list":["post-1134","page","type-page","status-publish","hentry"],"yoast_head":"<!-- This site is optimized with the Yoast SEO plugin v26.9 - https:\/\/yoast.com\/product\/yoast-seo-wordpress\/ -->\n<title>About - Dr. Christof Urbanek - Kieferorthop\u00e4de Forchheim<\/title>\n<meta name=\"robots\" content=\"noindex, follow, max-snippet:-1, max-image-preview:large, max-video-preview:-1\" \/>\n<meta property=\"og:locale\" content=\"de_DE\" \/>\n<meta property=\"og:type\" content=\"article\" \/>\n<meta property=\"og:title\" content=\"About - Dr. Christof Urbanek - Kieferorthop\u00e4de Forchheim\" \/>\n<meta property=\"og:url\" content=\"http:\/\/web.feuer.work\/urbaneck\/about\/\" \/>\n<meta property=\"og:site_name\" content=\"Dr. Christof Urbanek - Kieferorthop\u00e4de Forchheim\" \/>\n<meta property=\"article:modified_time\" content=\"2026-02-04T07:59:03+00:00\" \/>\n<meta name=\"twitter:card\" content=\"summary_large_image\" \/>\n<meta name=\"twitter:label1\" content=\"Gesch\u00e4tzte Lesezeit\" \/>\n\t<meta name=\"twitter:data1\" content=\"2\u00a0Minuten\" \/>\n<script type=\"application\/ld+json\" class=\"yoast-schema-graph\">{\"@context\":\"https:\/\/schema.org\",\"@graph\":[{\"@type\":\"WebPage\",\"@id\":\"http:\/\/web.feuer.work\/urbaneck\/about\/\",\"url\":\"http:\/\/web.feuer.work\/urbaneck\/about\/\",\"name\":\"About - Dr. Christof Urbanek - Kieferorthop\u00e4de Forchheim\",\"isPartOf\":{\"@id\":\"http:\/\/web.feuer.work\/urbaneck\/#website\"},\"datePublished\":\"2015-12-14T04:10:10+00:00\",\"dateModified\":\"2026-02-04T07:59:03+00:00\",\"breadcrumb\":{\"@id\":\"http:\/\/web.feuer.work\/urbaneck\/about\/#breadcrumb\"},\"inLanguage\":\"de\",\"potentialAction\":[{\"@type\":\"ReadAction\",\"target\":[\"http:\/\/web.feuer.work\/urbaneck\/about\/\"]}]},{\"@type\":\"BreadcrumbList\",\"@id\":\"http:\/\/web.feuer.work\/urbaneck\/about\/#breadcrumb\",\"itemListElement\":[{\"@type\":\"ListItem\",\"position\":1,\"name\":\"Startseite\",\"item\":\"http:\/\/web.feuer.work\/urbaneck\/\"},{\"@type\":\"ListItem\",\"position\":2,\"name\":\"About\"}]},{\"@type\":\"WebSite\",\"@id\":\"http:\/\/web.feuer.work\/urbaneck\/#website\",\"url\":\"http:\/\/web.feuer.work\/urbaneck\/\",\"name\":\"Fachpraxis f\u00fcr Kieferorthop\u00e4die Forchheim - Dr. Christof Urbanek\",\"description\":\"Ma\u00dfgeschneiderten L\u00f6sungen f\u00fcr Kinder, Jugendliche und Erwachsene\",\"potentialAction\":[{\"@type\":\"SearchAction\",\"target\":{\"@type\":\"EntryPoint\",\"urlTemplate\":\"http:\/\/web.feuer.work\/urbaneck\/?s={search_term_string}\"},\"query-input\":{\"@type\":\"PropertyValueSpecification\",\"valueRequired\":true,\"valueName\":\"search_term_string\"}}],\"inLanguage\":\"de\"}]}<\/script>\n<!-- \/ Yoast SEO plugin. -->","yoast_head_json":{"title":"About - Dr. Christof Urbanek - Kieferorthop\u00e4de Forchheim","robots":{"index":"noindex","follow":"follow","max-snippet":"max-snippet:-1","max-image-preview":"max-image-preview:large","max-video-preview":"max-video-preview:-1"},"og_locale":"de_DE","og_type":"article","og_title":"About - Dr. Christof Urbanek - Kieferorthop\u00e4de Forchheim","og_url":"http:\/\/web.feuer.work\/urbaneck\/about\/","og_site_name":"Dr. Christof Urbanek - Kieferorthop\u00e4de Forchheim","article_modified_time":"2026-02-04T07:59:03+00:00","twitter_card":"summary_large_image","twitter_misc":{"Gesch\u00e4tzte Lesezeit":"2\u00a0Minuten"},"schema":{"@context":"https:\/\/schema.org","@graph":[{"@type":"WebPage","@id":"http:\/\/web.feuer.work\/urbaneck\/about\/","url":"http:\/\/web.feuer.work\/urbaneck\/about\/","name":"About - Dr. Christof Urbanek - Kieferorthop\u00e4de Forchheim","isPartOf":{"@id":"http:\/\/web.feuer.work\/urbaneck\/#website"},"datePublished":"2015-12-14T04:10:10+00:00","dateModified":"2026-02-04T07:59:03+00:00","breadcrumb":{"@id":"http:\/\/web.feuer.work\/urbaneck\/about\/#breadcrumb"},"inLanguage":"de","potentialAction":[{"@type":"ReadAction","target":["http:\/\/web.feuer.work\/urbaneck\/about\/"]}]},{"@type":"BreadcrumbList","@id":"http:\/\/web.feuer.work\/urbaneck\/about\/#breadcrumb","itemListElement":[{"@type":"ListItem","position":1,"name":"Startseite","item":"http:\/\/web.feuer.work\/urbaneck\/"},{"@type":"ListItem","position":2,"name":"About"}]},{"@type":"WebSite","@id":"http:\/\/web.feuer.work\/urbaneck\/#website","url":"http:\/\/web.feuer.work\/urbaneck\/","name":"Fachpraxis f\u00fcr Kieferorthop\u00e4die Forchheim - Dr. Christof Urbanek","description":"Ma\u00dfgeschneiderten L\u00f6sungen f\u00fcr Kinder, Jugendliche und Erwachsene","potentialAction":[{"@type":"SearchAction","target":{"@type":"EntryPoint","urlTemplate":"http:\/\/web.feuer.work\/urbaneck\/?s={search_term_string}"},"query-input":{"@type":"PropertyValueSpecification","valueRequired":true,"valueName":"search_term_string"}}],"inLanguage":"de"}]}},"_links":{"self":[{"href":"http:\/\/web.feuer.work\/urbaneck\/wp-json\/wp\/v2\/pages\/1134","targetHints":{"allow":["GET"]}}],"collection":[{"href":"http:\/\/web.feuer.work\/urbaneck\/wp-json\/wp\/v2\/pages"}],"about":[{"href":"http:\/\/web.feuer.work\/urbaneck\/wp-json\/wp\/v2\/types\/page"}],"author":[{"embeddable":true,"href":"http:\/\/web.feuer.work\/urbaneck\/wp-json\/wp\/v2\/users\/1"}],"replies":[{"embeddable":true,"href":"http:\/\/web.feuer.work\/urbaneck\/wp-json\/wp\/v2\/comments?post=1134"}],"version-history":[{"count":3,"href":"http:\/\/web.feuer.work\/urbaneck\/wp-json\/wp\/v2\/pages\/1134\/revisions"}],"predecessor-version":[{"id":2129,"href":"http:\/\/web.feuer.work\/urbaneck\/wp-json\/wp\/v2\/pages\/1134\/revisions\/2129"}],"wp:attachment":[{"href":"http:\/\/web.feuer.work\/urbaneck\/wp-json\/wp\/v2\/media?parent=1134"}],"curies":[{"name":"wp","href":"https:\/\/api.w.org\/{rel}","templated":true}]}}